{"id":4778,"date":"2024-05-23T21:54:00","date_gmt":"2024-05-23T21:54:00","guid":{"rendered":"https:\/\/staging.scientificproducts.com\/ueber-uns-test\/"},"modified":"2025-02-18T15:20:30","modified_gmt":"2025-02-18T15:20:30","slug":"ueber-uns-test","status":"publish","type":"page","link":"https:\/\/staging.scientificproducts.com\/de\/ueber-uns-test\/","title":{"rendered":"\u00dcber uns TEST"},"content":{"rendered":"<div class=\"gb-container gb-container-79a45a99 gradient-tri\"><div class=\"gb-inside-container\">\n<div class=\"gb-grid-wrapper gb-grid-wrapper-e7518875\">\n<div class=\"gb-grid-column gb-grid-column-7789f114\"><div class=\"gb-container gb-container-7789f114 custom-padding-left\"><div class=\"gb-inside-container\">\n\n<h1 class=\"gb-headline gb-headline-4681e1be gb-headline-text\">\u00dcber uns TEST<\/h1>\n\n<\/div><\/div><\/div>\n\n<div class=\"gb-grid-column gb-grid-column-2ac0180d\"><div class=\"gb-container gb-container-2ac0180d banner-media\"><div class=\"gb-inside-container\">\n\n<figure class=\"wp-block-video banner-video\"><video height=\"720\" style=\"aspect-ratio: 1280 \/ 720;\" width=\"1280\" autoplay=\"\" loop=\"\" muted=\"\" src=\"https:\/\/staging.scientificproducts.com\/wp-content\/uploads\/sites\/56\/2024\/05\/df24-4eb7-b889-a712a363d9f5.mp4\"><\/video><\/figure>\n\n<\/div><\/div><\/div>\n<\/div>\n<\/div><\/div><div class=\"gb-container gb-container-82988661\"><div class=\"gb-inside-container\">\n\n<h2 class=\"gb-headline gb-headline-3bb9e929 gb-headline-text\">Wenn Sie sich f\u00fcr ATS Scientific Products entscheiden, entscheiden Sie sich f\u00fcr Kompetenz, Zuverl\u00e4ssigkeit und Qualit\u00e4t.<\/h2>\n\n<\/div><\/div><div class=\"gb-container gb-container-f1f5cb2d\"><div class=\"gb-inside-container\">\n<div class=\"gb-grid-wrapper gb-grid-wrapper-f251879f\">\n<div class=\"gb-grid-column gb-grid-column-caad87d5\"><div class=\"gb-container gb-container-caad87d5\"><div class=\"gb-inside-container\">\n\n<figure class=\"wp-block-video\"><video height=\"720\" style=\"aspect-ratio: 1280 \/ 720;\" width=\"1280\" controls=\"\" poster=\"https:\/\/staging.scientificproducts.com\/wp-content\/uploads\/sites\/56\/2024\/05\/video_92fd79.jpg\" src=\"https:\/\/staging.scientificproducts.com\/wp-content\/uploads\/sites\/56\/2024\/05\/df24-4eb7-b889-a712a363d9f5.mp4\"><\/video><\/figure>\n\n<\/div><\/div><\/div>\n\n<div class=\"gb-grid-column gb-grid-column-dd8d6c8e\"><div class=\"gb-container gb-container-dd8d6c8e\"><div class=\"gb-inside-container\">\n\n<p class=\"gb-headline gb-headline-1072e7a7 gb-headline-text\">Ein Verm\u00e4chtnis der Expertise<\/p>\n\n\n\n<h2 class=\"gb-headline gb-headline-543b41f6 gb-headline-text\">Unsere Geschichte<\/h2>\n\n\n\n<p class=\"gb-headline gb-headline-2efbe1ff gb-headline-text\">Mit einer Geschichte, die sich \u00fcber 100Jahre erstreckt, wird die Geschichte von Scientific Products durch unser Know-how gepr\u00e4gt. Unser gesch\u00e4tztes Markenportfolio umfasst FTS, Genevac, Hotpack, Hull-iDositecno, VirTis, Bel-Art, Wilmad, Service und Training. Mit F\u00e4higkeiten, die eine Reihe von Branchen und Anwendungen abdecken, stellen unser Fachwissen und unsere Erfahrung sicher, dass wir Ihre Bed\u00fcrfnisse unterst\u00fctzen k\u00f6nnen, egal wo Sie sich auf Ihrer Reise befinden.<\/p>\n\n<\/div><\/div><\/div>\n<\/div>\n<\/div><\/div><div class=\"gb-container gb-container-7d6b5e92\"><div class=\"gb-inside-container\">\n<div class=\"gb-container gb-container-9da282af\"><div class=\"gb-inside-container\">\n<div class=\"gb-grid-wrapper gb-grid-wrapper-edc7d8b7\">\n<div class=\"gb-grid-column gb-grid-column-bb3741d7\"><div class=\"gb-container gb-container-bb3741d7 sp-sticky\"><div class=\"gb-inside-container\">\n\n<h2 class=\"gb-headline gb-headline-07bb7911 gb-headline-text\">Unsere Werte<\/h2>\n\n\n\n<p class=\"gb-headline gb-headline-8b084051 gb-headline-text\">Als Teil von ATS nutzt Scientific Products die Kernwerte des ATS-Gesch\u00e4ftsmodells (ABM), um unseren Zweck voranzutreiben: Menschen, Prozesse und Leistung.<\/p>\n\n\n\n<ul class=\"sp-list list-default wp-block-list\">\n<li>Indem wir unsere <mark style=\"background-color:rgba(0, 0, 0, 0);color:#0829db\" class=\"has-inline-color\"><strong>MITARBEITER einbinden, bef\u00e4higen und bef\u00e4higen<\/strong><\/mark>, das beste Team aufzubauen;<\/li>\n\n\n\n<li>Wir richten uns darauf aus, robuste und disziplinierte <strong><mark style=\"background-color:rgba(0, 0, 0, 0);color:#0829db\" class=\"has-inline-color\">GESCH\u00c4FTSPROZESSE im<\/mark><\/strong> gesamten Unternehmen zu implementieren und kontinuierlich zu verbessern;<\/li>\n\n\n\n<li>Um unseren Kunden und Aktion\u00e4ren eine erstklassige <strong><mark style=\"background-color:rgba(0, 0, 0, 0);color:#0829db\" class=\"has-inline-color\">LEISTUNG zu bieten.<\/mark><\/strong><\/li>\n<\/ul>\n\n<\/div><\/div><\/div>\n\n<div class=\"gb-grid-column gb-grid-column-c4d9277b\"><div class=\"gb-container gb-container-c4d9277b\"><div class=\"gb-inside-container\">\n<div class=\"gb-container gb-container-adbab524\"><div class=\"gb-inside-container\">\n\n<figure class=\"gb-block-image gb-block-image-d8a5066b\"><img decoding=\"async\" loading=\"lazy\" width=\"1200\" height=\"800\" class=\"gb-image gb-image-d8a5066b\" src=\"https:\/\/staging.scientificproducts.com\/wp-content\/uploads\/sites\/56\/2024\/08\/B7A8899.jpg\" alt=\"\" title=\"_B7A8899\" srcset=\"https:\/\/staging.scientificproducts.com\/wp-content\/uploads\/sites\/56\/2024\/08\/B7A8899.jpg 1200w, https:\/\/staging.scientificproducts.com\/wp-content\/uploads\/sites\/56\/2024\/08\/B7A8899.jpg?resize=300,200 300w, https:\/\/staging.scientificproducts.com\/wp-content\/uploads\/sites\/56\/2024\/08\/B7A8899.jpg?resize=768,512 768w, https:\/\/staging.scientificproducts.com\/wp-content\/uploads\/sites\/56\/2024\/08\/B7A8899.jpg?resize=1024,683 1024w\" sizes=\"auto, (max-width: 1200px) 100vw, 1200px\" \/><\/figure>\n\n\n\n<h3 class=\"gb-headline gb-headline-2f9f71ac gb-headline-text h4\">Fachkompetenz<\/h3>\n\n\n\n<p class=\"gb-headline gb-headline-cc9909a2 gb-headline-text\">Wir sind stolz auf unseren Ruf als f\u00fchrender Anbieter von Gefriertrocknung\/Gefriertrocknung, kompletten aseptischen F\u00fclll\u00f6sungen, Zentrifugalverdampfung und -konzentration, Temperaturregelung\/W\u00e4rmemanagement, Laborverbrauchsmaterialien, Ger\u00e4ten und Glaswaren.<\/p>\n\n<\/div><\/div>\n\n<div class=\"gb-container gb-container-be345bf4\"><div class=\"gb-inside-container\">\n\n<figure class=\"gb-block-image gb-block-image-206b228a\"><img decoding=\"async\" loading=\"lazy\" width=\"2400\" height=\"1600\" class=\"gb-image gb-image-206b228a\" src=\"https:\/\/staging.scientificproducts.com\/wp-content\/uploads\/sites\/56\/2024\/05\/834fdd10b7b879f358564a1e06456a99.png\" alt=\"\" title=\"834fdd10b7b879f358564a1e06456a99\" srcset=\"https:\/\/staging.scientificproducts.com\/wp-content\/uploads\/sites\/56\/2024\/05\/834fdd10b7b879f358564a1e06456a99.png 2400w, https:\/\/staging.scientificproducts.com\/wp-content\/uploads\/sites\/56\/2024\/05\/834fdd10b7b879f358564a1e06456a99.png?resize=300,200 300w, https:\/\/staging.scientificproducts.com\/wp-content\/uploads\/sites\/56\/2024\/05\/834fdd10b7b879f358564a1e06456a99.png?resize=768,512 768w, https:\/\/staging.scientificproducts.com\/wp-content\/uploads\/sites\/56\/2024\/05\/834fdd10b7b879f358564a1e06456a99.png?resize=1024,683 1024w, https:\/\/staging.scientificproducts.com\/wp-content\/uploads\/sites\/56\/2024\/05\/834fdd10b7b879f358564a1e06456a99.png?resize=1536,1024 1536w, https:\/\/staging.scientificproducts.com\/wp-content\/uploads\/sites\/56\/2024\/05\/834fdd10b7b879f358564a1e06456a99.png?resize=2048,1365 2048w\" sizes=\"auto, (max-width: 2400px) 100vw, 2400px\" \/><\/figure>\n\n\n\nDer Kunde\n<h3 class=\"gb-headline gb-headline-a8435546 gb-headline-text h4\"> steht an erster Stelle<\/h3>\n\n\n\n<p class=\"gb-headline gb-headline-1ff46102 gb-headline-text\">Wir schaffen Vertrauen bei unseren Kunden, indem wir unsere jahrzehntelange Erfahrung einsetzen, um ihre Bed\u00fcrfnisse wirklich zu verstehen und sie w\u00e4hrend des gesamten Lebenszyklus der pharmazeutischen Entwicklung und Produktion sowie in den Bereichen Diagnostik, Biowissenschaften und Anwendungen der angewandten Wissenschaften, einschlie\u00dflich Forschung, Industrie, Luftfahrt, Halbleiter und Gesundheitswesen, zu unterst\u00fctzen. Als renommierter Marktf\u00fchrer in den von uns bedienten Branchen ist es unsere Mission, Ergebnisse zu liefern, die es unseren Kunden erm\u00f6glichen, das Leben der Menschen weltweit zu verbessern.<\/p>\n\n<\/div><\/div>\n\n<div class=\"gb-container gb-container-6ac5d4b3\"><div class=\"gb-inside-container\">\n\n<figure class=\"gb-block-image gb-block-image-7b9fbdcf\"><img decoding=\"async\" loading=\"lazy\" width=\"1900\" height=\"1000\" class=\"gb-image gb-image-7b9fbdcf\" src=\"https:\/\/staging.scientificproducts.com\/wp-content\/uploads\/sites\/56\/2024\/04\/our-brands.png\" alt=\"\" title=\"our-brands\" srcset=\"https:\/\/staging.scientificproducts.com\/wp-content\/uploads\/sites\/56\/2024\/04\/our-brands.png 1900w, https:\/\/staging.scientificproducts.com\/wp-content\/uploads\/sites\/56\/2024\/04\/our-brands.png?resize=300,158 300w, https:\/\/staging.scientificproducts.com\/wp-content\/uploads\/sites\/56\/2024\/04\/our-brands.png?resize=768,404 768w, https:\/\/staging.scientificproducts.com\/wp-content\/uploads\/sites\/56\/2024\/04\/our-brands.png?resize=1024,539 1024w, https:\/\/staging.scientificproducts.com\/wp-content\/uploads\/sites\/56\/2024\/04\/our-brands.png?resize=1536,808 1536w\" sizes=\"auto, (max-width: 1900px) 100vw, 1900px\" \/><\/figure>\n\n\n\n<h3 class=\"gb-headline gb-headline-9da64b6c gb-headline-text h4\">Engagement f\u00fcr Qualit\u00e4t<\/h3>\n\n\n\n<p class=\"gb-headline gb-headline-a6e684bb gb-headline-text\">Unsere Prozesse gew\u00e4hrleisten Genauigkeit, Leistung und Compliance, wenn es darauf ankommt. Unsere L\u00f6sungen sind mit Exzellenz als bestimmendes Merkmal konzipiert, um die Langlebigkeit Ihrer Investition zu gew\u00e4hrleisten.<\/p>\n\n<\/div><\/div>\n<\/div><\/div><\/div>\n<\/div>\n<\/div><\/div>\n<\/div><\/div><div class=\"gb-container gb-container-8ebbac49\"><div class=\"gb-inside-container\">\n<div class=\"gb-grid-wrapper gb-grid-wrapper-6f5fd6e6\">\n<div class=\"gb-grid-column gb-grid-column-687a7db9\"><div class=\"gb-container gb-container-687a7db9\"><div class=\"gb-inside-container\">\n\n<p class=\"gb-headline gb-headline-aa997089 gb-headline-text\">Expertise trifft auf Innovation<\/p>\n\n\n\n<h2 class=\"gb-headline gb-headline-7f5f4c22 gb-headline-text\">Scientific Products ist Teil der ATS Life Sciences Group<\/h2>\n\n\n\n<p class=\"gb-headline gb-headline-910422e7 gb-headline-text\">Scientific Products ist Teil der <a href=\"https:\/\/atslifesciencesgroup.com\/\" target=\"_blank\" rel=\"noreferrer noopener\">ATS Life Sciences Group<\/a>, einem Integrator und Anbieter von Unternehmensl\u00f6sungen, der L\u00f6sungen f\u00fcr das gesamte Spektrum der Biowissenschaften von der Entdeckung bis zur Fertigung im gro\u00dfen Ma\u00dfstab bereitstellt. Gemeinsam liefern wir Ergebnisse, die es unseren Kunden erm\u00f6glichen, das Leben von Menschen auf der ganzen Welt zu verbessern. Unsere \u00fcber 100-j\u00e4hrige gemeinsame Geschichte hat uns mit dem Wissen und der Erfahrung ausgestattet, um unsere Kunden mit L\u00f6sungen f\u00fcr einzigartige und komplexe Probleme zu unterst\u00fctzen.<\/p>\n\n<\/div><\/div><\/div>\n\n<div class=\"gb-grid-column gb-grid-column-de446e79\"><div class=\"gb-container gb-container-de446e79\"><div class=\"gb-inside-container\">\n\n<figure class=\"gb-block-image gb-block-image-04869f4b\"><img decoding=\"async\" class=\"gb-image gb-image-04869f4b\" src=\"https:\/\/staging.scientificproducts.com\/wp-content\/uploads\/sites\/56\/2024\/05\/33e413cf14001f44135df6c25c4c34b5.png\" alt=\"\" title=\"33e413cf14001f44135df6c25c4c34b5\"\/><\/figure>\n\n<\/div><\/div><\/div>\n<\/div>\n<\/div><\/div><div class=\"gb-container gb-container-29f6d51f\"><div class=\"gb-inside-container\">\n<div class=\"gb-container gb-container-db129e8d\"><div class=\"gb-inside-container\">\n<div class=\"gb-grid-wrapper gb-grid-wrapper-db2ba9c1\">\n<div class=\"gb-grid-column gb-grid-column-4934ab4e\"><div class=\"gb-container gb-container-4934ab4e position-relative ribbon-white-left top-40\"><div class=\"gb-inside-container\">\n\n<h3 class=\"gb-headline gb-headline-cebb8dce gb-headline-text\">Ein Verm\u00e4chtnis an Fachwissen und Engagement f\u00fcr Qualit\u00e4t, auf das Sie sich verlassen k\u00f6nnen.<\/h3>\n\n\n<div class=\"gb-button-wrapper gb-button-wrapper-62be4c86\">\n\n<a class=\"gb-button gb-button-2ca99094 gb-button-text button primary\" href=\"https:\/\/staging.scientificproducts.com\/about-sp-industries-contact\/\">Kontakt<\/a>\n\n<\/div>\n<\/div><\/div><\/div>\n\n<div class=\"gb-grid-column gb-grid-column-fc5299c4\"><div class=\"gb-container gb-container-fc5299c4\"><div class=\"gb-inside-container\"><\/div><\/div><\/div>\n<\/div>\n<\/div><\/div>\n\n<div class=\"gb-container gb-container-a56de431\"><div class=\"gb-inside-container\">\n<div class=\"gb-grid-wrapper gb-grid-wrapper-5329b513\">\n<div class=\"gb-grid-column gb-grid-column-6d239125\"><div class=\"gb-container gb-container-6d239125 link-block\"><a class=\"gb-container-link\" href=\"https:\/\/staging.scientificproducts.com\/brands\/\" aria-label=\"Brands\"><\/a><div class=\"gb-inside-container\">\n\n<figure class=\"wp-block-image size-large is-resized\"><img loading=\"lazy\" decoding=\"async\" width=\"40\" height=\"41\" src=\"https:\/\/staging.scientificproducts.com\/wp-content\/uploads\/sites\/56\/2024\/11\/brands.svg?w=40\" alt=\"\" class=\"wp-image-4357\" style=\"object-fit:contain;width:50px;height:50px\"\/><\/figure>\n\n\n\n<h3 class=\"gb-headline gb-headline-e49edea5 gb-headline-text title\">Marken<\/h3>\n\n\n\n<p class=\"has-white-color has-text-color has-link-color wp-elements-54d72759c0285318d05196742f6515b5\">Bereitstellung innovativer und qualitativ hochwertiger wissenschaftlicher Produkte und L\u00f6sungen zur Optimierung Ihres Workflows \u00fcber neun integrierte Marken hinweg.<\/p>\n\n<\/div><\/div><\/div>\n\n<div class=\"gb-grid-column gb-grid-column-df731579\"><div class=\"gb-container gb-container-df731579 link-block\"><a class=\"gb-container-link\" href=\"https:\/\/staging.scientificproducts.com\/about-sp\/locations\/\" aria-label=\"Locations\"><\/a><div class=\"gb-inside-container\">\n\n<figure class=\"wp-block-image size-large is-resized\"><img loading=\"lazy\" decoding=\"async\" width=\"40\" height=\"40\" src=\"https:\/\/staging.scientificproducts.com\/wp-content\/uploads\/sites\/56\/2024\/11\/location.svg?w=40\" alt=\"\" class=\"wp-image-4347\" style=\"object-fit:contain;width:40px;height:50px\"\/><\/figure>\n\n\n\n<h3 class=\"gb-headline gb-headline-63687bdc gb-headline-text title\">Standorte<\/h3>\n\n\n\n<p class=\"has-white-color has-text-color has-link-color wp-elements-6369356898ae1ed6f4765936a3f63f2c\">Mit Hauptsitz in Warminster, PA, USA, haben wir weltweit 7 Standorte in den USA, Gro\u00dfbritannien und Europa.<\/p>\n\n<\/div><\/div><\/div>\n\n<div class=\"gb-grid-column gb-grid-column-4976a5f0\"><div class=\"gb-container gb-container-4976a5f0 link-block\"><a class=\"gb-container-link\" href=\"https:\/\/staging.scientificproducts.com\/about-sp\/careers\/\" aria-label=\"Careers\"><\/a><div class=\"gb-inside-container\">\n\n<figure class=\"wp-block-image size-large is-resized\"><img decoding=\"async\" src=\"https:\/\/staging.scientificproducts.com\/wp-content\/uploads\/sites\/56\/2024\/11\/careers.svg?w=40\" alt=\"\" class=\"wp-image-4345\" style=\"object-fit:contain;width:40px;height:50px\"\/><\/figure>\n\n\n\n<h3 class=\"gb-headline gb-headline-7a3087a7 gb-headline-text title\">Karriere<\/h3>\n\n\n\n<p class=\"has-white-color has-text-color has-link-color wp-elements-381969e81b7ccf6a86a2120b8277b180\">Werden Sie Teil unseres hoch kooperativen Teams f\u00fcr eine aufregende Zukunft und werden Sie Teil unseres stolzen Verm\u00e4chtnisses.<\/p>\n\n<\/div><\/div><\/div>\n<\/div>\n<\/div><\/div>\n<\/div><\/div>","protected":false},"excerpt":{"rendered":"<p>Wenn Sie sich f\u00fcr ATS Scientific Products entscheiden, entscheiden Sie sich f\u00fcr Kompetenz, Zuverl\u00e4ssigkeit und Qualit\u00e4t&#8230;.<\/p>\n","protected":false},"author":420,"featured_media":0,"parent":0,"menu_order":0,"comment_status":"closed","ping_status":"closed","template":"","meta":{"_acf_changed":false,"_cr_original_post":"","_cr_replace_post_id":"","_cr_replacing_post_id":"","inline_featured_image":false,"footnotes":""},"coauthors":[74],"class_list":["post-4778","page","type-page","status-publish","hentry"],"yoast_head":"<!-- This site is optimized with the Yoast SEO Premium plugin v26.8 (Yoast SEO v26.8) - https:\/\/yoast.com\/product\/yoast-seo-premium-wordpress\/ -->\n<title>\u00dcber uns TEST - Scientific Products<\/title>\n<meta name=\"robots\" content=\"index, follow, max-snippet:-1, max-image-preview:large, max-video-preview:-1\" \/>\n<link rel=\"canonical\" href=\"https:\/\/staging.scientificproducts.com\/de\/ueber-uns-test\/\" \/>\n<meta property=\"og:locale\" content=\"de_DE\" \/>\n<meta property=\"og:type\" content=\"article\" \/>\n<meta property=\"og:title\" content=\"\u00dcber uns TEST - \u00dcber uns TEST\" \/>\n<meta property=\"og:description\" content=\"Wenn Sie sich f\u00fcr ATS Scientific Products entscheiden, entscheiden Sie sich f\u00fcr Kompetenz, Zuverl\u00e4ssigkeit und Qualit\u00e4t. TEST\" \/>\n<meta property=\"og:url\" content=\"https:\/\/staging.scientificproducts.com\/de\/ueber-uns-test\/\" \/>\n<meta property=\"og:site_name\" content=\"Scientific Products\" \/>\n<meta property=\"article:modified_time\" content=\"2025-02-18T15:20:30+00:00\" \/>\n<meta property=\"og:image\" content=\"https:\/\/staging.scientificproducts.com\/wp-content\/uploads\/sites\/56\/2024\/08\/B7A8899.jpg?w=640\" \/>\n<meta name=\"twitter:card\" content=\"summary_large_image\" \/>\n<meta name=\"twitter:label1\" content=\"Gesch\u00e4tzte Lesezeit\" \/>\n\t<meta name=\"twitter:data1\" content=\"2 Minuten\" \/>\n\t<meta name=\"twitter:label2\" content=\"Written by\" \/>\n\t<meta name=\"twitter:data2\" content=\"dave\" \/>\n<script type=\"application\/ld+json\" class=\"yoast-schema-graph\">{\"@context\":\"https:\/\/schema.org\",\"@graph\":[{\"@type\":\"WebPage\",\"@id\":\"https:\/\/staging.scientificproducts.com\/de\/ueber-uns-test\/\",\"url\":\"https:\/\/staging.scientificproducts.com\/de\/ueber-uns-test\/\",\"name\":\"\u00dcber uns TEST - Scientific Products\",\"isPartOf\":{\"@id\":\"https:\/\/staging.scientificproducts.com\/#website\"},\"primaryImageOfPage\":{\"@id\":\"https:\/\/staging.scientificproducts.com\/de\/ueber-uns-test\/#primaryimage\"},\"image\":{\"@id\":\"https:\/\/staging.scientificproducts.com\/de\/ueber-uns-test\/#primaryimage\"},\"thumbnailUrl\":\"https:\/\/staging.scientificproducts.com\/wp-content\/uploads\/sites\/56\/2024\/08\/B7A8899.jpg\",\"datePublished\":\"2024-05-23T21:54:00+00:00\",\"dateModified\":\"2025-02-18T15:20:30+00:00\",\"inLanguage\":\"de-DE\",\"potentialAction\":[{\"@type\":\"ReadAction\",\"target\":[\"https:\/\/staging.scientificproducts.com\/de\/ueber-uns-test\/\"]}]},{\"@type\":\"ImageObject\",\"inLanguage\":\"de-DE\",\"@id\":\"https:\/\/staging.scientificproducts.com\/de\/ueber-uns-test\/#primaryimage\",\"url\":\"https:\/\/staging.scientificproducts.com\/wp-content\/uploads\/sites\/56\/2024\/08\/B7A8899.jpg\",\"contentUrl\":\"https:\/\/staging.scientificproducts.com\/wp-content\/uploads\/sites\/56\/2024\/08\/B7A8899.jpg\"},{\"@type\":\"WebSite\",\"@id\":\"https:\/\/staging.scientificproducts.com\/#website\",\"url\":\"https:\/\/staging.scientificproducts.com\/\",\"name\":\"Scientific Products\",\"description\":\"\",\"publisher\":{\"@id\":\"https:\/\/staging.scientificproducts.com\/#organization\"},\"potentialAction\":[{\"@type\":\"SearchAction\",\"target\":{\"@type\":\"EntryPoint\",\"urlTemplate\":\"https:\/\/staging.scientificproducts.com\/?s={search_term_string}\"},\"query-input\":{\"@type\":\"PropertyValueSpecification\",\"valueRequired\":true,\"valueName\":\"search_term_string\"}}],\"inLanguage\":\"de-DE\"},{\"@type\":\"Organization\",\"@id\":\"https:\/\/staging.scientificproducts.com\/#organization\",\"name\":\"Scientific Products\",\"url\":\"https:\/\/staging.scientificproducts.com\/\",\"logo\":{\"@type\":\"ImageObject\",\"inLanguage\":\"de-DE\",\"@id\":\"https:\/\/staging.scientificproducts.com\/#\/schema\/logo\/image\/\",\"url\":\"https:\/\/staging.scientificproducts.com\/wp-content\/uploads\/sites\/56\/2023\/06\/logo.png\",\"contentUrl\":\"https:\/\/staging.scientificproducts.com\/wp-content\/uploads\/sites\/56\/2023\/06\/logo.png\",\"width\":300,\"height\":100,\"caption\":\"Scientific Products\"},\"image\":{\"@id\":\"https:\/\/staging.scientificproducts.com\/#\/schema\/logo\/image\/\"}}]}<\/script>\n<!-- \/ Yoast SEO Premium plugin. -->","yoast_head_json":{"title":"\u00dcber uns TEST - Scientific Products","robots":{"index":"index","follow":"follow","max-snippet":"max-snippet:-1","max-image-preview":"max-image-preview:large","max-video-preview":"max-video-preview:-1"},"canonical":"https:\/\/staging.scientificproducts.com\/de\/ueber-uns-test\/","og_locale":"de_DE","og_type":"article","og_title":"\u00dcber uns TEST - \u00dcber uns TEST","og_description":"Wenn Sie sich f\u00fcr ATS Scientific Products entscheiden, entscheiden Sie sich f\u00fcr Kompetenz, Zuverl\u00e4ssigkeit und Qualit\u00e4t. TEST","og_url":"https:\/\/staging.scientificproducts.com\/de\/ueber-uns-test\/","og_site_name":"Scientific Products","article_modified_time":"2025-02-18T15:20:30+00:00","og_image":[{"url":"https:\/\/staging.scientificproducts.com\/wp-content\/uploads\/sites\/56\/2024\/08\/B7A8899.jpg?w=640","type":"","width":"","height":""}],"twitter_card":"summary_large_image","twitter_misc":{"Gesch\u00e4tzte Lesezeit":"2 Minuten","Written by":"dave"},"schema":{"@context":"https:\/\/schema.org","@graph":[{"@type":"WebPage","@id":"https:\/\/staging.scientificproducts.com\/de\/ueber-uns-test\/","url":"https:\/\/staging.scientificproducts.com\/de\/ueber-uns-test\/","name":"\u00dcber uns TEST - Scientific Products","isPartOf":{"@id":"https:\/\/staging.scientificproducts.com\/#website"},"primaryImageOfPage":{"@id":"https:\/\/staging.scientificproducts.com\/de\/ueber-uns-test\/#primaryimage"},"image":{"@id":"https:\/\/staging.scientificproducts.com\/de\/ueber-uns-test\/#primaryimage"},"thumbnailUrl":"https:\/\/staging.scientificproducts.com\/wp-content\/uploads\/sites\/56\/2024\/08\/B7A8899.jpg","datePublished":"2024-05-23T21:54:00+00:00","dateModified":"2025-02-18T15:20:30+00:00","inLanguage":"de-DE","potentialAction":[{"@type":"ReadAction","target":["https:\/\/staging.scientificproducts.com\/de\/ueber-uns-test\/"]}]},{"@type":"ImageObject","inLanguage":"de-DE","@id":"https:\/\/staging.scientificproducts.com\/de\/ueber-uns-test\/#primaryimage","url":"https:\/\/staging.scientificproducts.com\/wp-content\/uploads\/sites\/56\/2024\/08\/B7A8899.jpg","contentUrl":"https:\/\/staging.scientificproducts.com\/wp-content\/uploads\/sites\/56\/2024\/08\/B7A8899.jpg"},{"@type":"WebSite","@id":"https:\/\/staging.scientificproducts.com\/#website","url":"https:\/\/staging.scientificproducts.com\/","name":"Scientific Products","description":"","publisher":{"@id":"https:\/\/staging.scientificproducts.com\/#organization"},"potentialAction":[{"@type":"SearchAction","target":{"@type":"EntryPoint","urlTemplate":"https:\/\/staging.scientificproducts.com\/?s={search_term_string}"},"query-input":{"@type":"PropertyValueSpecification","valueRequired":true,"valueName":"search_term_string"}}],"inLanguage":"de-DE"},{"@type":"Organization","@id":"https:\/\/staging.scientificproducts.com\/#organization","name":"Scientific Products","url":"https:\/\/staging.scientificproducts.com\/","logo":{"@type":"ImageObject","inLanguage":"de-DE","@id":"https:\/\/staging.scientificproducts.com\/#\/schema\/logo\/image\/","url":"https:\/\/staging.scientificproducts.com\/wp-content\/uploads\/sites\/56\/2023\/06\/logo.png","contentUrl":"https:\/\/staging.scientificproducts.com\/wp-content\/uploads\/sites\/56\/2023\/06\/logo.png","width":300,"height":100,"caption":"Scientific Products"},"image":{"@id":"https:\/\/staging.scientificproducts.com\/#\/schema\/logo\/image\/"}}]}},"acf":[],"jetpack_sharing_enabled":true,"_links":{"self":[{"href":"https:\/\/staging.scientificproducts.com\/de\/wp-json\/wp\/v2\/pages\/4778","targetHints":{"allow":["GET"]}}],"collection":[{"href":"https:\/\/staging.scientificproducts.com\/de\/wp-json\/wp\/v2\/pages"}],"about":[{"href":"https:\/\/staging.scientificproducts.com\/de\/wp-json\/wp\/v2\/types\/page"}],"author":[{"embeddable":true,"href":"https:\/\/staging.scientificproducts.com\/de\/wp-json\/wp\/v2\/users\/420"}],"replies":[{"embeddable":true,"href":"https:\/\/staging.scientificproducts.com\/de\/wp-json\/wp\/v2\/comments?post=4778"}],"version-history":[{"count":1,"href":"https:\/\/staging.scientificproducts.com\/de\/wp-json\/wp\/v2\/pages\/4778\/revisions"}],"predecessor-version":[{"id":4791,"href":"https:\/\/staging.scientificproducts.com\/de\/wp-json\/wp\/v2\/pages\/4778\/revisions\/4791"}],"wp:attachment":[{"href":"https:\/\/staging.scientificproducts.com\/de\/wp-json\/wp\/v2\/media?parent=4778"}],"wp:term":[{"taxonomy":"author","embeddable":true,"href":"https:\/\/staging.scientificproducts.com\/de\/wp-json\/wp\/v2\/coauthors?post=4778"}],"curies":[{"name":"wp","href":"https:\/\/api.w.org\/{rel}","templated":true}]}}